{"id":13,"date":"2026-01-11T16:51:08","date_gmt":"2026-01-11T15:51:08","guid":{"rendered":"https:\/\/sprzataniewroclaw.pl\/?page_id=13"},"modified":"2026-01-21T19:15:00","modified_gmt":"2026-01-21T18:15:00","slug":"strona-glowna","status":"publish","type":"page","link":"https:\/\/sprzataniewroclaw.pl\/","title":{"rendered":"Strona g\u0142\u00f3wna"},"content":{"rendered":"\n<p>&nbsp;<\/p>\n\n\n\n<div class=\"wp-block-columns has-background is-layout-flex wp-container-core-columns-is-layout-d71f2ba5 wp-block-columns-is-layout-flex\" style=\"border-style:none;border-width:0px;border-top-left-radius:10px;border-top-right-radius:10px;border-bottom-left-radius:10px;border-bottom-right-radius:10px;background-color:#f5f8fb;margin-top:0;margin-bottom:0;padding-top:60px;padding-right:40px;padding-bottom:60px;padding-left:40px;box-shadow:var(--wp--preset--shadow--natural)\">\n<div class=\"wp-block-column is-layout-flow wp-block-column-is-layout-flow\">\n<figure class=\"wp-block-image aligncenter size-full is-resized\"><img fetchpriority=\"high\" decoding=\"async\" width=\"600\" height=\"300\" src=\"https:\/\/sprzataniewroclaw.pl\/wp-content\/uploads\/2026\/01\/logo-Zadbany-dom-1.png\" alt=\"\" class=\"wp-image-272\" style=\"width:308px;height:auto\" srcset=\"https:\/\/sprzataniewroclaw.pl\/wp-content\/uploads\/2026\/01\/logo-Zadbany-dom-1.png 600w, https:\/\/sprzataniewroclaw.pl\/wp-content\/uploads\/2026\/01\/logo-Zadbany-dom-1-300x150.png 300w\" sizes=\"(max-width: 600px) 100vw, 600px\" \/><\/figure>\n\n\n\n<h1 class=\"wp-block-heading has-text-align-center has-text-color has-link-color has-x-large-font-size wp-elements-4bb5c9c46b37882c953f15c826f1d482\" style=\"color:#0171a8;margin-top:24px;margin-bottom:24px\"><strong>Profesjonalne sprz\u0105tanie mieszka\u0144, dom\u00f3w i biur<\/strong><\/h1>\n\n\n\n<h2 class=\"wp-block-heading has-text-align-center has-ast-global-color-3-color has-text-color has-link-color has-large-font-size wp-elements-bfd0683efbd8f9f1c98691afff1dbd0d\">Wysoki standard, dyskrecja oraz elastyczne dopasowanie godzin pracy<\/h2>\n\n\n\n<div class=\"wp-block-buttons is-content-justification-center is-layout-flex wp-container-core-buttons-is-layout-a89b3969 wp-block-buttons-is-layout-flex\">\n<div class=\"wp-block-button\"><a class=\"wp-block-button__link has-text-align-center wp-element-button\" href=\"https:\/\/sprzataniewroclaw.pl\/?page_id=18\">SPRAWD\u0179 OFERT\u0118<\/a><\/div>\n<\/div>\n<\/div>\n\n\n\n<div class=\"wp-block-column is-layout-flow wp-block-column-is-layout-flow\">\n<figure class=\"wp-block-image size-large has-custom-border\"><img decoding=\"async\" width=\"1024\" height=\"683\" src=\"https:\/\/sprzataniewroclaw.pl\/wp-content\/uploads\/2026\/01\/tlo-zadbany-dom-1024x683.png\" alt=\"\" class=\"wp-image-94\" style=\"border-top-left-radius:10px;border-top-right-radius:10px;border-bottom-left-radius:10px;border-bottom-right-radius:10px\" srcset=\"https:\/\/sprzataniewroclaw.pl\/wp-content\/uploads\/2026\/01\/tlo-zadbany-dom-1024x683.png 1024w, https:\/\/sprzataniewroclaw.pl\/wp-content\/uploads\/2026\/01\/tlo-zadbany-dom-300x200.png 300w, https:\/\/sprzataniewroclaw.pl\/wp-content\/uploads\/2026\/01\/tlo-zadbany-dom-768x512.png 768w, https:\/\/sprzataniewroclaw.pl\/wp-content\/uploads\/2026\/01\/tlo-zadbany-dom.png 1536w\" sizes=\"(max-width: 1024px) 100vw, 1024px\" \/><\/figure>\n<\/div>\n<\/div>\n\n\n\n<div style=\"height:35px\" aria-hidden=\"true\" class=\"wp-block-spacer\"><\/div>\n\n\n\n<div class=\"wp-block-columns has-background is-layout-flex wp-container-core-columns-is-layout-28f84493 wp-block-columns-is-layout-flex\" style=\"border-top-left-radius:10px;border-top-right-radius:10px;border-bottom-left-radius:10px;border-bottom-right-radius:10px;background-color:#f5f8fb\">\n<div class=\"wp-block-column is-layout-flow wp-block-column-is-layout-flow\">\n<div class=\"wp-block-group has-medium-font-size is-nowrap is-layout-flex wp-container-core-group-is-layout-6c531013 wp-block-group-is-layout-flex\">\n<figure class=\"wp-block-image size-full is-resized\"><img decoding=\"async\" width=\"150\" height=\"150\" src=\"https:\/\/sprzataniewroclaw.pl\/wp-content\/uploads\/2026\/01\/Projekt-bez-nazwy-10.png\" alt=\"\" class=\"wp-image-212\" style=\"width:92px;height:auto\"\/><\/figure>\n\n\n\n<h2 class=\"wp-block-heading has-text-align-left\">Profesjonalne us\u0142ugi sprz\u0105tania we Wroc\u0142awiu<\/h2>\n\n\n\n<div class=\"wp-block-columns is-layout-flex wp-container-core-columns-is-layout-28f84493 wp-block-columns-is-layout-flex\">\n<div class=\"wp-block-column is-layout-flow wp-block-column-is-layout-flow\"><\/div>\n<\/div>\n\n\n\n<div style=\"height:100px;width:0px\" aria-hidden=\"true\" class=\"wp-block-spacer wp-container-content-6388d5dc\"><\/div>\n<\/div>\n\n\n\n<div style=\"height:26px\" aria-hidden=\"true\" class=\"wp-block-spacer\"><\/div>\n\n\n\n<p class=\"has-medium-font-size\">Oferuj\u0119 kompleksowe sprz\u0105tanie mieszka\u0144, dom\u00f3w jednorodzinnych oraz biur we Wroc\u0142awiu. Us\u0142ugi kieruj\u0119 zar\u00f3wno do klient\u00f3w prywatnych, jak i firm, kt\u00f3re oczekuj\u0105 czysto\u015bci, terminowo\u015bci i wysokiej jako\u015bci wykonania. Zakres prac zawsze dostosowuje do konkretnej przestrzeni i oczekiwa\u0144 klienta.<\/p>\n\n\n\n<div style=\"height:33px\" aria-hidden=\"true\" class=\"wp-block-spacer\"><\/div>\n\n\n\n<div class=\"wp-block-group is-nowrap is-layout-flex wp-container-core-group-is-layout-6c531013 wp-block-group-is-layout-flex\">\n<figure class=\"wp-block-image size-full is-resized\"><img loading=\"lazy\" decoding=\"async\" width=\"150\" height=\"150\" src=\"https:\/\/sprzataniewroclaw.pl\/wp-content\/uploads\/2026\/01\/Projekt-bez-nazwy-5.png\" alt=\"\" class=\"wp-image-198\" style=\"width:92px;height:auto\"\/><\/figure>\n\n\n\n<h2 class=\"wp-block-heading has-text-align-left\"><strong>Dlaczego klienci wybieraj\u0105 Zadbany Dom?<\/strong><\/h2>\n\n\n\n<div class=\"wp-block-columns is-layout-flex wp-container-core-columns-is-layout-28f84493 wp-block-columns-is-layout-flex\">\n<div class=\"wp-block-column is-layout-flow wp-block-column-is-layout-flow\"><\/div>\n<\/div>\n\n\n\n<div style=\"height:100px;width:0px\" aria-hidden=\"true\" class=\"wp-block-spacer wp-container-content-6388d5dc\"><\/div>\n<\/div>\n\n\n\n<div class=\"wp-block-columns is-layout-flex wp-container-core-columns-is-layout-28f84493 wp-block-columns-is-layout-flex\">\n<div class=\"wp-block-column is-layout-flow wp-block-column-is-layout-flow\">\n<ul class=\"wp-block-list\">\n<li><strong>Wysoki standard    <\/strong>                Pracuj\u0119 dok\u0142adnie, spokojnie i konsekwentnie. Ka\u017cde sprz\u0105tanie wykonuj\u0119 tak, jakbym robi\u0142a je dla siebie \u2013 bez po\u015bpiechu i kompromis\u00f3w.<\/li>\n<\/ul>\n\n\n\n<p><\/p>\n\n\n\n<ul class=\"wp-block-list\">\n<li><strong>Zaufanie i dyskrecja      <\/strong>            Mam dost\u0119p do Twojej przestrzeni, dokument\u00f3w i rzeczy osobistych. Poufno\u015b\u0107, kultura pracy i bezpiecze\u0144stwo s\u0105 dla mnie absolutnym standardem.<\/li>\n<\/ul>\n<\/div>\n\n\n\n<div class=\"wp-block-column is-layout-flow wp-block-column-is-layout-flow\">\n<ul class=\"wp-block-list\">\n<li><strong>Sta\u0142a osoba, przewidywalno\u015b\u0107 <\/strong>Nie rotuj\u0119 ekip, nie zmieniam ludzi. Wiesz, kto przychodzi, kiedy i jak pracuje. To daje komfort, spok\u00f3j i ci\u0105g\u0142o\u015b\u0107 jako\u015bci.<\/li>\n<\/ul>\n\n\n\n<p><\/p>\n\n\n\n<ul class=\"wp-block-list\">\n<li><strong>Terminowo\u015b\u0107 bez wyj\u0105tk\u00f3w <\/strong>Przyje\u017cd\u017cam punktualnie i realizuj\u0119 zlecenia zgodnie z ustalonym harmonogramem. Mo\u017cesz na mnie polega\u0107 \u2013 zawsze.<\/li>\n<\/ul>\n<\/div>\n\n\n\n<div class=\"wp-block-column is-layout-flow wp-block-column-is-layout-flow\">\n<ul class=\"wp-block-list\">\n<li><strong>Do\u015bwiadczenie w domach i biurach       <\/strong>                              Pracuj\u0119 zar\u00f3wno w prywatnych przestrzeniach, jak i w biurach. Znam r\u00f3\u017cne standardy, potrzeby i tempo pracy.<\/li>\n<\/ul>\n\n\n\n<p><\/p>\n\n\n\n<ul class=\"wp-block-list\">\n<li><strong>Elastyczno\u015b\u0107 i mobilno\u015b\u0107 <\/strong>  Dostosowuj\u0119 terminy oraz zakres us\u0142ug do indywidualnych potrzeb klient\u00f3w. Sprawnie realizuj\u0119 zlecenia w r\u00f3\u017cnych lokalizacjach, bez utraty jako\u015bci i terminowo\u015bci. <\/li>\n<\/ul>\n<\/div>\n<\/div>\n<\/div>\n<\/div>\n\n\n\n<p><\/p>\n\n\n\n<p><\/p>\n\n\n\n<div class=\"wp-block-columns has-background is-layout-flex wp-container-core-columns-is-layout-28f84493 wp-block-columns-is-layout-flex\" style=\"border-top-left-radius:10px;border-top-right-radius:10px;border-bottom-left-radius:10px;border-bottom-right-radius:10px;background-color:#f5f8fb;box-shadow:var(--wp--preset--shadow--natural)\">\n<div class=\"wp-block-column is-layout-flow wp-block-column-is-layout-flow\">\n<div class=\"wp-block-media-text alignwide is-stacked-on-mobile\" style=\"grid-template-columns:32% auto\"><figure class=\"wp-block-media-text__media\"><img loading=\"lazy\" decoding=\"async\" width=\"1024\" height=\"683\" src=\"https:\/\/sprzataniewroclaw.pl\/wp-content\/uploads\/2026\/01\/opinie-google-1024x683.png\" alt=\"\" class=\"wp-image-168 size-full\" srcset=\"https:\/\/sprzataniewroclaw.pl\/wp-content\/uploads\/2026\/01\/opinie-google-1024x683.png 1024w, https:\/\/sprzataniewroclaw.pl\/wp-content\/uploads\/2026\/01\/opinie-google-300x200.png 300w, https:\/\/sprzataniewroclaw.pl\/wp-content\/uploads\/2026\/01\/opinie-google-768x512.png 768w, https:\/\/sprzataniewroclaw.pl\/wp-content\/uploads\/2026\/01\/opinie-google.png 1536w\" sizes=\"(max-width: 1024px) 100vw, 1024px\" \/><\/figure><div class=\"wp-block-media-text__content\">\n<h2 class=\"wp-block-heading has-text-align-left has-ast-global-color-3-color has-text-color has-link-color has-large-font-size wp-elements-0ef03286526d8e2585c6d791006cc1a6\">Opinie klient\u00f3w o sprz\u0105taniu dom\u00f3w i biur we Wroc\u0142awiu<\/h2>\n<\/div><\/div>\n\n\n\n<p>\u2b50\u2b50\u2b50\u2b50\u2b50<\/p>\n\n\n\n<p>Ania to prawdziwa profesjonalistka! Sprz\u0105ta bardzo dok\u0142adnie, zwracaj\u0105c uwag\u0119 na ka\u017cdy detal. Wida\u0107, \u017ce zale\u017cy jej na jako\u015bci i zadowoleniu klienta. Zawsze wys\u0142ucha potrzeb, ale te\u017c sama wychodzi z inicjatyw\u0105 i proponuje \u015bwietne rozwi\u0105zania. Mieszkanie po jej wizycie l\u015bni, a wsp\u00f3\u0142praca z ni\u0105 to czysta przyjemno\u015b\u0107. Zdecydowanie polecam!<\/p>\n\n\n\n<p>Justyna, Wroc\u0142aw &#8211; opinia z Google<\/p>\n\n\n\n<p>\u2b50\u2b50\u2b50\u2b50\u2b50<\/p>\n\n\n\n<p>Z Pani\u0105 Ani\u0105 wsp\u00f3\u0142pracujemy ju\u017c rok\u2026..pe\u0142en profesjonalizm, zar\u00f3wno u\u017cywany sprz\u0119t jak i stosowane \u015brodki na najwy\u017cszym poziomie\u2026.a co najwa\u017cniejsze\u2026.pe\u0142ne zaufanie do osoby, kt\u00f3re jest dla mnie cech\u0105 najwa\u017cniejsz\u0105\u2026.Serdecznie polecam&nbsp;<\/p>\n\n\n\n<p>Konrad, okolice Wroc\u0142awia &#8211; opinia z Google<\/p>\n\n\n\n<p>\u2b50\u2b50\u2b50\u2b50\u2b50<\/p>\n\n\n\n<p>Polecam us\u0142ugi sprzatania wykonywane przez Pani\u0105 Ann\u0119 poniewa\u017c jest dok\u0142adna w swoim dzia\u0142aniu, terminowa w planowaniu i wykonaniu prac a przede wszystkim dyskretna oraz godna zaufania. Polecam.<\/p>\n\n\n\n<p>Andrzej, Wroc\u0142aw &#8211; opinia z Google<\/p>\n\n\n\n<p>\u2b50\u2b50\u2b50\u2b50\u2b50<\/p>\n\n\n\n<p>Korzystam z us\u0142ug Ani ju\u017c 2 lata. Ania nie do\u015b\u0107 \u017ce dok\u0142adnie sprz\u0105ta to jeszcze potrafi zadba\u0107 o dom, zwraca uwag\u0119 na szczeg\u00f3\u0142y, ale przede wszystkim &#8211; co najwa\u017cniejsze- jest odpowiedzialna i mo\u017cna jej w pe\u0142ni zaufa\u0107. Pe\u0142en profesjonalizm !! Polecam bardzo jej us\u0142ugi<\/p>\n\n\n\n<p>Ma\u0142gorzata, okolice Wroc\u0142awia &#8211; opinie z Google<\/p>\n<\/div>\n<\/div>\n\n\n\n<div style=\"height:43px\" aria-hidden=\"true\" class=\"wp-block-spacer\"><\/div>\n\n\n\n<div class=\"wp-block-columns has-background is-layout-flex wp-container-core-columns-is-layout-28f84493 wp-block-columns-is-layout-flex\" style=\"border-top-left-radius:10px;border-top-right-radius:10px;border-bottom-left-radius:10px;border-bottom-right-radius:10px;background-color:#f5f8fb;box-shadow:var(--wp--preset--shadow--natural)\">\n<div class=\"wp-block-column is-layout-flow wp-block-column-is-layout-flow\">\n<div class=\"wp-block-columns is-layout-flex wp-container-core-columns-is-layout-28f84493 wp-block-columns-is-layout-flex\">\n<div class=\"wp-block-column is-layout-flow wp-block-column-is-layout-flow\" style=\"flex-basis:15%\">\n<figure class=\"wp-block-image size-full is-resized\"><img loading=\"lazy\" decoding=\"async\" width=\"150\" height=\"150\" src=\"https:\/\/sprzataniewroclaw.pl\/wp-content\/uploads\/2026\/01\/Projekt-bez-nazwy-3.png\" alt=\"\" class=\"wp-image-196\" style=\"width:94px;height:auto\"\/><\/figure>\n<\/div>\n\n\n\n<div class=\"wp-block-column is-layout-flow wp-block-column-is-layout-flow\" style=\"flex-basis:85%\">\n<h2 class=\"wp-block-heading\">Zakres us\u0142ug sprz\u0105tania we Wroc\u0142awiu<\/h2>\n<\/div>\n<\/div>\n\n\n\n<div class=\"wp-block-columns is-layout-flex wp-container-core-columns-is-layout-28f84493 wp-block-columns-is-layout-flex\">\n<div class=\"wp-block-column is-layout-flow wp-block-column-is-layout-flow\" style=\"flex-basis:66.66%\">\n<ul class=\"wp-block-list\">\n<li>sprz\u0105tanie mieszka\u0144 we Wroc\u0142awiu<\/li>\n\n\n\n<li class=\"has-medium-font-size\">sprz\u0105tanie dom\u00f3w jednorodzinnych<\/li>\n\n\n\n<li class=\"has-medium-font-size\">sprz\u0105tanie biur i przestrzeni firmowych<\/li>\n\n\n\n<li class=\"has-medium-font-size\">sprz\u0105tanie regularne i jednorazowe<\/li>\n\n\n\n<li class=\"has-medium-font-size\">mycie okien<\/li>\n\n\n\n<li class=\"has-medium-font-size\">pranie tapicerki<\/li>\n<\/ul>\n\n\n\n<div class=\"wp-block-buttons is-content-justification-center is-layout-flex wp-container-core-buttons-is-layout-a89b3969 wp-block-buttons-is-layout-flex\">\n<div class=\"wp-block-button\"><a class=\"wp-block-button__link wp-element-button\" href=\"https:\/\/sprzataniewroclaw.pl\/?page_id=18\">ZOBACZ PE\u0141N\u0104 OFERT\u0118<\/a><\/div>\n<\/div>\n<\/div>\n\n\n\n<div class=\"wp-block-column is-layout-flow wp-block-column-is-layout-flow\" style=\"flex-basis:45%\">\n<figure class=\"wp-block-image size-large has-custom-border\"><img loading=\"lazy\" decoding=\"async\" width=\"1024\" height=\"683\" src=\"https:\/\/sprzataniewroclaw.pl\/wp-content\/uploads\/2026\/01\/zy-1024x683.png\" alt=\"\" class=\"wp-image-319\" style=\"border-top-left-radius:10px;border-top-right-radius:10px;border-bottom-left-radius:10px;border-bottom-right-radius:10px\" srcset=\"https:\/\/sprzataniewroclaw.pl\/wp-content\/uploads\/2026\/01\/zy-1024x683.png 1024w, https:\/\/sprzataniewroclaw.pl\/wp-content\/uploads\/2026\/01\/zy-300x200.png 300w, https:\/\/sprzataniewroclaw.pl\/wp-content\/uploads\/2026\/01\/zy-768x512.png 768w, https:\/\/sprzataniewroclaw.pl\/wp-content\/uploads\/2026\/01\/zy.png 1200w\" sizes=\"(max-width: 1024px) 100vw, 1024px\" \/><\/figure>\n<\/div>\n<\/div>\n<\/div>\n<\/div>\n\n\n\n<div style=\"height:39px\" aria-hidden=\"true\" class=\"wp-block-spacer\"><\/div>\n\n\n\n<div class=\"wp-block-columns has-background is-layout-flex wp-container-core-columns-is-layout-28f84493 wp-block-columns-is-layout-flex\" style=\"border-top-left-radius:10px;border-top-right-radius:10px;border-bottom-left-radius:10px;border-bottom-right-radius:10px;background-color:#0171a8\">\n<div class=\"wp-block-column is-layout-flow wp-block-column-is-layout-flow\">\n<p class=\"has-text-align-center has-ast-global-color-4-color has-text-color has-link-color wp-elements-c7b3c9ba994d5d6b235457e3e6546a4f\">Szukasz sprawdzonej i profesjonalnej us\u0142ugi sprz\u0105tania we Wroc\u0142awiu? Skontaktuj si\u0119 ze mn\u0105, aby ustali\u0107 zakres prac i dogodny termin.<\/p>\n\n\n\n<div class=\"wp-block-buttons is-content-justification-center is-layout-flex wp-container-core-buttons-is-layout-a89b3969 wp-block-buttons-is-layout-flex\" style=\"border-top-left-radius:10px;border-top-right-radius:10px;border-bottom-left-radius:10px;border-bottom-right-radius:10px\">\n<div class=\"wp-block-button has-custom-width wp-block-button__width-50\"><a class=\"wp-block-button__link has-ast-global-color-1-color has-ast-global-color-4-background-color has-text-color has-background has-link-color wp-element-button\" href=\"https:\/\/sprzataniewroclaw.pl\/?page_id=24\"><strong>SKONTAKTUJ SI\u0118 ZE MN\u0104<\/strong><\/a><\/div>\n<\/div>\n<\/div>\n<\/div>\n\n\n\n<div style=\"height:100px\" aria-hidden=\"true\" class=\"wp-block-spacer\"><\/div>\n\n\n\n<p><\/p>\n","protected":false},"excerpt":{"rendered":"<p>&nbsp; Profesjonalne sprz\u0105tanie mieszka\u0144, dom\u00f3w i biur Wysoki standard, dyskrecja oraz elastyczne dopasowanie godzin pracy Profesjonalne us\u0142ugi sprz\u0105tania we Wroc\u0142awiu [&hellip;]<\/p>\n","protected":false},"author":1,"featured_media":0,"parent":0,"menu_order":0,"comment_status":"closed","ping_status":"closed","template":"","meta":{"site-sidebar-layout":"default","site-content-layout":"","ast-site-content-layout":"default","site-content-style":"unboxed","site-sidebar-style":"default","ast-global-header-display":"","ast-banner-title-visibility":"","ast-main-header-display":"","ast-hfb-above-header-display":"","ast-hfb-below-header-display":"","ast-hfb-mobile-header-display":"","site-post-title":"disabled","ast-breadcrumbs-content":"","ast-featured-img":"","footer-sml-layout":"","ast-disable-related-posts":"","theme-transparent-header-meta":"","adv-header-id-meta":"","stick-header-meta":"","header-above-stick-meta":"","header-main-stick-meta":"","header-below-stick-meta":"","astra-migrate-meta-layouts":"default","ast-page-background-enabled":"default","ast-page-background-meta":{"desktop":{"background-color":"var(--ast-global-color-5)","background-image":"","background-repeat":"repeat","background-position":"center center","background-size":"auto","background-attachment":"scroll","background-type":"","background-media":"","overlay-type":"","overlay-color":"","overlay-opacity":"","overlay-gradient":""},"tablet":{"background-color":"","background-image":"","background-repeat":"repeat","background-position":"center center","background-size":"auto","background-attachment":"scroll","background-type":"","background-media":"","overlay-type":"","overlay-color":"","overlay-opacity":"","overlay-gradient":""},"mobile":{"background-color":"","background-image":"","background-repeat":"repeat","background-position":"center center","background-size":"auto","background-attachment":"scroll","background-type":"","background-media":"","overlay-type":"","overlay-color":"","overlay-opacity":"","overlay-gradient":""}},"ast-content-background-meta":{"desktop":{"background-color":"var(--ast-global-color-4)","background-image":"","background-repeat":"repeat","background-position":"center center","background-size":"auto","background-attachment":"scroll","background-type":"","background-media":"","overlay-type":"","overlay-color":"","overlay-opacity":"","overlay-gradient":""},"tablet":{"background-color":"var(--ast-global-color-4)","background-image":"","background-repeat":"repeat","background-position":"center center","background-size":"auto","background-attachment":"scroll","background-type":"","background-media":"","overlay-type":"","overlay-color":"","overlay-opacity":"","overlay-gradient":""},"mobile":{"background-color":"var(--ast-global-color-4)","background-image":"","background-repeat":"repeat","background-position":"center center","background-size":"auto","background-attachment":"scroll","background-type":"","background-media":"","overlay-type":"","overlay-color":"","overlay-opacity":"","overlay-gradient":""}},"footnotes":""},"class_list":["post-13","page","type-page","status-publish","hentry"],"_links":{"self":[{"href":"https:\/\/sprzataniewroclaw.pl\/index.php?rest_route=\/wp\/v2\/pages\/13","targetHints":{"allow":["GET"]}}],"collection":[{"href":"https:\/\/sprzataniewroclaw.pl\/index.php?rest_route=\/wp\/v2\/pages"}],"about":[{"href":"https:\/\/sprzataniewroclaw.pl\/index.php?rest_route=\/wp\/v2\/types\/page"}],"author":[{"embeddable":true,"href":"https:\/\/sprzataniewroclaw.pl\/index.php?rest_route=\/wp\/v2\/users\/1"}],"replies":[{"embeddable":true,"href":"https:\/\/sprzataniewroclaw.pl\/index.php?rest_route=%2Fwp%2Fv2%2Fcomments&post=13"}],"version-history":[{"count":86,"href":"https:\/\/sprzataniewroclaw.pl\/index.php?rest_route=\/wp\/v2\/pages\/13\/revisions"}],"predecessor-version":[{"id":338,"href":"https:\/\/sprzataniewroclaw.pl\/index.php?rest_route=\/wp\/v2\/pages\/13\/revisions\/338"}],"wp:attachment":[{"href":"https:\/\/sprzataniewroclaw.pl\/index.php?rest_route=%2Fwp%2Fv2%2Fmedia&parent=13"}],"curies":[{"name":"wp","href":"https:\/\/api.w.org\/{rel}","templated":true}]}}