{"id":22,"date":"2026-01-11T17:42:45","date_gmt":"2026-01-11T16:42:45","guid":{"rendered":"https:\/\/sprzataniewroclaw.pl\/?page_id=22"},"modified":"2026-01-21T19:19:00","modified_gmt":"2026-01-21T18:19:00","slug":"o-mnie","status":"publish","type":"page","link":"https:\/\/sprzataniewroclaw.pl\/?page_id=22","title":{"rendered":"O mnie"},"content":{"rendered":"\n<h1 class=\"wp-block-heading has-text-align-center has-text-color has-link-color wp-elements-863f9c1f0fb10f8b25a34e8af2133c8e\" style=\"color:#0171a8\">Zadbany Dom Anna Rybicka<\/h1>\n\n\n\n<div class=\"wp-block-group has-background is-layout-constrained wp-container-core-group-is-layout-a9b1610e wp-block-group-is-layout-constrained\" style=\"border-top-left-radius:10px;border-top-right-radius:10px;border-bottom-left-radius:10px;border-bottom-right-radius:10px;background-color:#f5f8fb;margin-top:40px;margin-bottom:40px;padding-top:24px;padding-right:24px;padding-bottom:24px;padding-left:24px;box-shadow:var(--wp--preset--shadow--natural)\">\n<div class=\"wp-block-columns is-layout-flex wp-container-core-columns-is-layout-28f84493 wp-block-columns-is-layout-flex\">\n<div class=\"wp-block-column is-layout-flow wp-block-column-is-layout-flow\" style=\"flex-basis:60%\">\n<figure class=\"wp-block-image alignleft size-full is-resized\"><img decoding=\"async\" width=\"150\" height=\"150\" src=\"https:\/\/sprzataniewroclaw.pl\/wp-content\/uploads\/2026\/01\/Projekt-bez-nazwy-13.png\" alt=\"\" class=\"wp-image-223\" style=\"width:89px;height:auto\"\/><\/figure>\n\n\n\n<h2 class=\"wp-block-heading has-medium-font-size\">O mnie<\/h2>\n\n\n\n<div style=\"height:18px\" aria-hidden=\"true\" class=\"wp-block-spacer\"><\/div>\n\n\n\n<p class=\"has-medium-font-size\">Nazywam si\u0119 Anna Rybicka i prowadz\u0119 mark\u0119 Zadbany Dom. Od lat zajmuj\u0119 si\u0119 profesjonalnym sprz\u0105taniem dom\u00f3w, mieszka\u0144 oraz przestrzeni prywatnych i firmowych na terenie Wroc\u0142awia. Moje us\u0142ugi to co\u015b wi\u0119cej ni\u017c standardowe porz\u0105dki \u2013 to dba\u0142o\u015b\u0107 o przestrze\u0144, komfort i spok\u00f3j klient\u00f3w.<\/p>\n\n\n\n<p class=\"has-medium-font-size\">Szanuj\u0119 czas i prywatno\u015b\u0107 domownik\u00f3w, dlatego pracuj\u0119 sprawnie, w spos\u00f3b uporz\u0105dkowany i z poszanowaniem codziennego rytmu dnia. Zwracam uwag\u0119 nie tylko na czysto\u015b\u0107, ale r\u00f3wnie\u017c na estetyk\u0119 i detale, kt\u00f3re wp\u0142ywaj\u0105 na og\u00f3lne wra\u017cenie zadbanego wn\u0119trza.<\/p>\n\n\n\n<p class=\"has-medium-font-size\">Oferuj\u0119 profesjonalne sprz\u0105tanie dom\u00f3w, mieszka\u0144 i biur we Wroc\u0142awiu, dbaj\u0105c o konsekwentn\u0105 jako\u015b\u0107, punktualno\u015b\u0107 i pe\u0142ne zaufanie na ka\u017cdym etapie wsp\u00f3\u0142pracy.<\/p>\n\n\n\n<p class=\"has-medium-font-size\">Zadbany Dom to nie tylko czyste wn\u0119trza, ale tak\u017ce poczucie porz\u0105dku, harmonii i bezpiecze\u0144stwa w miejscu, w kt\u00f3rym si\u0119 mieszka lub pracuje. Wsp\u00f3\u0142pracuj\u0119 zar\u00f3wno z klientami prywatnymi, jak i firmami, kt\u00f3re oczekuj\u0105 solidnej, terminowej i estetycznej realizacji us\u0142ug sprz\u0105taj\u0105cych na terenie Wroc\u0142awia i okolic.<\/p>\n<\/div>\n\n\n\n<div class=\"wp-block-column is-layout-flow wp-block-column-is-layout-flow\" style=\"flex-basis:40%\">\n<figure class=\"wp-block-image size-full has-custom-border is-style-default\"><img fetchpriority=\"high\" decoding=\"async\" width=\"1025\" height=\"1024\" src=\"https:\/\/sprzataniewroclaw.pl\/wp-content\/uploads\/2026\/01\/czysty-salon-edited.png\" alt=\"\" class=\"wp-image-221\" style=\"border-top-left-radius:10px;border-top-right-radius:10px;border-bottom-left-radius:10px;border-bottom-right-radius:10px\"\/><\/figure>\n<\/div>\n<\/div>\n<\/div>\n\n\n\n<div class=\"wp-block-group has-background is-layout-constrained wp-container-core-group-is-layout-2cf4b9be wp-block-group-is-layout-constrained\" style=\"border-top-left-radius:10px;border-top-right-radius:10px;border-bottom-left-radius:10px;border-bottom-right-radius:10px;background-color:#f5f8fb;padding-top:24px;padding-right:24px;padding-bottom:24px;padding-left:24px;box-shadow:var(--wp--preset--shadow--natural)\">\n<div class=\"wp-block-columns is-layout-flex wp-container-core-columns-is-layout-28f84493 wp-block-columns-is-layout-flex\">\n<div class=\"wp-block-column is-layout-flow wp-block-column-is-layout-flow\" style=\"flex-basis:100%\">\n<figure class=\"wp-block-image alignleft size-full is-resized\"><img decoding=\"async\" width=\"150\" height=\"150\" src=\"https:\/\/sprzataniewroclaw.pl\/wp-content\/uploads\/2026\/01\/Projekt-bez-nazwy-14.png\" alt=\"\" class=\"wp-image-250\" style=\"width:89px;height:auto\"\/><\/figure>\n\n\n\n<h2 class=\"wp-block-heading has-medium-font-size\">Jak pracuj\u0119<\/h2>\n\n\n\n<div style=\"height:18px\" aria-hidden=\"true\" class=\"wp-block-spacer\"><\/div>\n<\/div>\n<\/div>\n\n\n\n<p class=\"has-medium-font-size\">Stawiam na precyzj\u0119 sprz\u0105tania oraz sprawdzone, profesjonalne \u015brodki czysto\u015bci, dostosowane do rodzaju powierzchni i potrzeb danej przestrzeni. Sprz\u0105tanie w moim wykonaniu to nie tylko mycie pod\u0142\u00f3g czy czyszczenie powierzchni, ale r\u00f3wnie\u017c dba\u0142o\u015b\u0107 o szczeg\u00f3\u0142y \u2013 takie jak r\u00f3wno zawieszone zas\u0142ony, uporz\u0105dkowane poduszki czy estetyczne wyko\u0144czenie pomieszcze\u0144.<\/p>\n\n\n\n<p class=\"has-medium-font-size\">Ka\u017cde zlecenie traktuj\u0119 indywidualnie, uwa\u017cnie s\u0142uchaj\u0105c potrzeb i sugestii klient\u00f3w. Wielu z nich wsp\u00f3\u0142pracuje ze mn\u0105 od lat, co jest dla mnie najlepszym potwierdzeniem zaufania i jako\u015bci wykonywanych us\u0142ug.<\/p>\n<\/div>\n\n\n\n<div class=\"wp-block-group has-background is-layout-constrained wp-container-core-group-is-layout-a9b1610e wp-block-group-is-layout-constrained\" style=\"border-top-left-radius:10px;border-top-right-radius:10px;border-bottom-left-radius:10px;border-bottom-right-radius:10px;background-color:#f5f8fb;margin-top:40px;margin-bottom:40px;padding-top:24px;padding-right:24px;padding-bottom:24px;padding-left:24px;box-shadow:var(--wp--preset--shadow--natural)\">\n<div class=\"wp-block-columns is-layout-flex wp-container-core-columns-is-layout-28f84493 wp-block-columns-is-layout-flex\">\n<div class=\"wp-block-column is-layout-flow wp-block-column-is-layout-flow\" style=\"flex-basis:100%\">\n<figure class=\"wp-block-image alignleft size-full is-resized\"><img loading=\"lazy\" decoding=\"async\" width=\"150\" height=\"150\" src=\"https:\/\/sprzataniewroclaw.pl\/wp-content\/uploads\/2026\/01\/Projekt-bez-nazwy-11.png\" alt=\"\" class=\"wp-image-214\" style=\"width:89px;height:auto\"\/><\/figure>\n\n\n\n<h2 class=\"wp-block-heading has-medium-font-size\">Sprz\u0105tanie biur i przestrzeni firmowych<\/h2>\n\n\n\n<div style=\"height:18px\" aria-hidden=\"true\" class=\"wp-block-spacer\"><\/div>\n<\/div>\n<\/div>\n\n\n\n<div class=\"wp-block-columns is-layout-flex wp-container-core-columns-is-layout-28f84493 wp-block-columns-is-layout-flex\">\n<div class=\"wp-block-column is-layout-flow wp-block-column-is-layout-flow\" style=\"flex-basis:40%\">\n<figure class=\"wp-block-image size-large has-custom-border\"><img loading=\"lazy\" decoding=\"async\" width=\"1024\" height=\"683\" src=\"https:\/\/sprzataniewroclaw.pl\/wp-content\/uploads\/2026\/01\/ChatGPT-Image-20-sty-2026-13_56_18-1024x683.png\" alt=\"\" class=\"wp-image-254\" style=\"border-top-left-radius:10px;border-top-right-radius:10px;border-bottom-left-radius:10px;border-bottom-right-radius:10px\" srcset=\"https:\/\/sprzataniewroclaw.pl\/wp-content\/uploads\/2026\/01\/ChatGPT-Image-20-sty-2026-13_56_18-1024x683.png 1024w, https:\/\/sprzataniewroclaw.pl\/wp-content\/uploads\/2026\/01\/ChatGPT-Image-20-sty-2026-13_56_18-300x200.png 300w, https:\/\/sprzataniewroclaw.pl\/wp-content\/uploads\/2026\/01\/ChatGPT-Image-20-sty-2026-13_56_18-768x512.png 768w, https:\/\/sprzataniewroclaw.pl\/wp-content\/uploads\/2026\/01\/ChatGPT-Image-20-sty-2026-13_56_18.png 1536w\" sizes=\"(max-width: 1024px) 100vw, 1024px\" \/><\/figure>\n\n\n\n<p><\/p>\n\n\n\n<p><\/p>\n\n\n\n<p><\/p>\n\n\n\n<p><\/p>\n<\/div>\n\n\n\n<div class=\"wp-block-column is-layout-flow wp-block-column-is-layout-flow\"><\/div>\n\n\n\n<div class=\"wp-block-column is-layout-flow wp-block-column-is-layout-flow\" style=\"flex-basis:60%\">\n<p class=\"has-medium-font-size\">Realizuj\u0119 profesjonalne sprz\u0105tanie biur oraz przestrzeni firmowych na terenie Wroc\u0142awia. Pracuj\u0119 w spos\u00f3b zorganizowany i dyskretny, z poszanowaniem miejsca pracy, dokument\u00f3w oraz wyposa\u017cenia biura.<\/p>\n\n\n\n<p class=\"has-medium-font-size\">Sprz\u0105tanie mo\u017ce by\u0107 wykonywane <strong>po zako\u0144czeniu godzin pracy biura<\/strong>, w godzinach porannych lub w innym ustalonym terminie, tak aby nie zak\u0142\u00f3ca\u0107 codziennego funkcjonowania firmy. Zakres oraz harmonogram us\u0142ug ustalany jest indywidualnie, zgodnie z potrzebami klienta.<\/p>\n\n\n\n<p class=\"has-medium-font-size\">Podczas sprz\u0105tania biur szczeg\u00f3ln\u0105 uwag\u0119 przyk\u0142adam do czysto\u015bci powierzchni roboczych, zaplecza socjalnego oraz stref wsp\u00f3lnych. Dbam o kultur\u0119 pracy, poufno\u015b\u0107 i terminowo\u015b\u0107, co jest szczeg\u00f3lnie istotne przy sta\u0142ej wsp\u00f3\u0142pracy z firmami.<\/p>\n<\/div>\n<\/div>\n<\/div>\n\n\n\n<div class=\"wp-block-group has-background is-layout-constrained wp-container-core-group-is-layout-a9b1610e wp-block-group-is-layout-constrained\" style=\"border-top-left-radius:10px;border-top-right-radius:10px;border-bottom-left-radius:10px;border-bottom-right-radius:10px;background-color:#f5f8fb;margin-top:40px;margin-bottom:40px;padding-top:24px;padding-right:24px;padding-bottom:24px;padding-left:24px;box-shadow:var(--wp--preset--shadow--natural)\">\n<div class=\"wp-block-columns is-layout-flex wp-container-core-columns-is-layout-28f84493 wp-block-columns-is-layout-flex\">\n<div class=\"wp-block-column is-layout-flow wp-block-column-is-layout-flow\" style=\"flex-basis:100%\">\n<figure class=\"wp-block-image alignleft size-full is-resized\"><img loading=\"lazy\" decoding=\"async\" width=\"150\" height=\"150\" src=\"https:\/\/sprzataniewroclaw.pl\/wp-content\/uploads\/2026\/01\/Projekt-bez-nazwy-5.png\" alt=\"\" class=\"wp-image-198\" style=\"width:89px;height:auto\"\/><\/figure>\n\n\n\n<h2 class=\"wp-block-heading has-medium-font-size\">Dlaczego warto wybra\u0107 moje us\u0142ugi<\/h2>\n<\/div>\n<\/div>\n\n\n\n<div class=\"wp-block-columns is-layout-flex wp-container-core-columns-is-layout-28f84493 wp-block-columns-is-layout-flex\">\n<div class=\"wp-block-column is-layout-flow wp-block-column-is-layout-flow\" style=\"flex-basis:100%\">\n<p>Zadbany Dom Anna Rybicka to marka oferuj\u0105ca <strong>profesjonalne sprz\u0105tanie dom\u00f3w, mieszka\u0144 oraz biur na terenie Wroc\u0142awia i okolic<\/strong>. Specjalizuj\u0119 si\u0119 w kompleksowej i rzetelnej obs\u0142udze klient\u00f3w prywatnych oraz firm, kt\u00f3re oczekuj\u0105 wysokiego standardu, terminowo\u015bci i pe\u0142nej dyskrecji. Moje us\u0142ugi sprz\u0105taj\u0105ce skierowane s\u0105 do os\u00f3b ceni\u0105cych porz\u0105dek, estetyk\u0119 oraz komfort codziennego funkcjonowania w czystej przestrzeni.<\/p>\n\n\n\n<p>W swojej pracy stawiam na <strong>dok\u0142adno\u015b\u0107 wykonania, konsekwentn\u0105 jako\u015b\u0107 oraz indywidualne podej\u015bcie do ka\u017cdego zlecenia<\/strong>. Zakres sprz\u0105tania zawsze dopasowuj\u0119 do realnych potrzeb klienta, rodzaju przestrzeni oraz cz\u0119stotliwo\u015bci wsp\u00f3\u0142pracy. Oferuj\u0119 zar\u00f3wno <strong>sprz\u0105tanie jednorazowe<\/strong>, jak i <strong>regularne sprz\u0105tanie dom\u00f3w, mieszka\u0144 oraz biur<\/strong>, w tym sprz\u0105tanie powierzchni firmowych poza godzinami pracy.<\/p>\n\n\n\n<p>Korzystam wy\u0142\u0105cznie ze <strong>sprawdzonych i bezpiecznych \u015brodk\u00f3w czysto\u015bci<\/strong>, odpowiednich do r\u00f3\u017cnych typ\u00f3w powierzchni i wn\u0119trz. Dbam nie tylko o czysto\u015b\u0107, ale r\u00f3wnie\u017c o estetyk\u0119 i detale, kt\u00f3re maj\u0105 realny wp\u0142yw na odbi\u00f3r zadbanej przestrzeni \u2013 zar\u00f3wno w domu, jak i w miejscu pracy. Szczeg\u00f3ln\u0105 wag\u0119 przyk\u0142adam do poufno\u015bci, porz\u0105dku oraz poszanowania prywatno\u015bci klient\u00f3w.<\/p>\n\n\n\n<p>Zadbany Dom to us\u0142ugi sprz\u0105taj\u0105ce oparte na <strong>rzetelno\u015bci, punktualno\u015bci i zaufaniu<\/strong>, kt\u00f3re s\u0105 fundamentem d\u0142ugofalowej wsp\u00f3\u0142pracy. Moja oferta skierowana jest do klient\u00f3w poszukuj\u0105cych <strong>solidnej firmy sprz\u0105taj\u0105cej we Wroc\u0142awiu<\/strong>, kt\u00f3ra realizuje swoje us\u0142ugi w spos\u00f3b uporz\u0105dkowany, profesjonalny i zgodny z ustaleniami.<\/p>\n\n\n\n<p><\/p>\n<\/div>\n<\/div>\n<\/div>\n\n\n\n<div class=\"wp-block-buttons is-content-justification-center is-layout-flex wp-container-core-buttons-is-layout-a89b3969 wp-block-buttons-is-layout-flex\">\n<div class=\"wp-block-button\"><a class=\"wp-block-button__link has-medium-font-size has-custom-font-size wp-element-button\" href=\"https:\/\/sprzataniewroclaw.pl\/?page_id=24\">SKONTAKTUJ SI\u0118 ZE MN\u0104<\/a><\/div>\n<\/div>\n\n\n\n<p><\/p>\n","protected":false},"excerpt":{"rendered":"<p>Zadbany Dom Anna Rybicka O mnie Nazywam si\u0119 Anna Rybicka i prowadz\u0119 mark\u0119 Zadbany Dom. Od lat zajmuj\u0119 si\u0119 profesjonalnym [&hellip;]<\/p>\n","protected":false},"author":1,"featured_media":0,"parent":0,"menu_order":0,"comment_status":"closed","ping_status":"closed","template":"","meta":{"site-sidebar-layout":"default","site-content-layout":"","ast-site-content-layout":"default","site-content-style":"default","site-sidebar-style":"default","ast-global-header-display":"","ast-banner-title-visibility":"","ast-main-header-display":"","ast-hfb-above-header-display":"","ast-hfb-below-header-display":"","ast-hfb-mobile-header-display":"","site-post-title":"disabled","ast-breadcrumbs-content":"","ast-featured-img":"","footer-sml-layout":"","ast-disable-related-posts":"","theme-transparent-header-meta":"","adv-header-id-meta":"","stick-header-meta":"","header-above-stick-meta":"","header-main-stick-meta":"","header-below-stick-meta":"","astra-migrate-meta-layouts":"default","ast-page-background-enabled":"default","ast-page-background-meta":{"desktop":{"background-color":"var(--ast-global-color-5)","background-image":"","background-repeat":"repeat","background-position":"center center","background-size":"auto","background-attachment":"scroll","background-type":"","background-media":"","overlay-type":"","overlay-color":"","overlay-opacity":"","overlay-gradient":""},"tablet":{"background-color":"","background-image":"","background-repeat":"repeat","background-position":"center center","background-size":"auto","background-attachment":"scroll","background-type":"","background-media":"","overlay-type":"","overlay-color":"","overlay-opacity":"","overlay-gradient":""},"mobile":{"background-color":"","background-image":"","background-repeat":"repeat","background-position":"center center","background-size":"auto","background-attachment":"scroll","background-type":"","background-media":"","overlay-type":"","overlay-color":"","overlay-opacity":"","overlay-gradient":""}},"ast-content-background-meta":{"desktop":{"background-color":"var(--ast-global-color-4)","background-image":"","background-repeat":"repeat","background-position":"center center","background-size":"auto","background-attachment":"scroll","background-type":"","background-media":"","overlay-type":"","overlay-color":"","overlay-opacity":"","overlay-gradient":""},"tablet":{"background-color":"var(--ast-global-color-4)","background-image":"","background-repeat":"repeat","background-position":"center center","background-size":"auto","background-attachment":"scroll","background-type":"","background-media":"","overlay-type":"","overlay-color":"","overlay-opacity":"","overlay-gradient":""},"mobile":{"background-color":"var(--ast-global-color-4)","background-image":"","background-repeat":"repeat","background-position":"center center","background-size":"auto","background-attachment":"scroll","background-type":"","background-media":"","overlay-type":"","overlay-color":"","overlay-opacity":"","overlay-gradient":""}},"footnotes":""},"class_list":["post-22","page","type-page","status-publish","hentry"],"_links":{"self":[{"href":"https:\/\/sprzataniewroclaw.pl\/index.php?rest_route=\/wp\/v2\/pages\/22","targetHints":{"allow":["GET"]}}],"collection":[{"href":"https:\/\/sprzataniewroclaw.pl\/index.php?rest_route=\/wp\/v2\/pages"}],"about":[{"href":"https:\/\/sprzataniewroclaw.pl\/index.php?rest_route=\/wp\/v2\/types\/page"}],"author":[{"embeddable":true,"href":"https:\/\/sprzataniewroclaw.pl\/index.php?rest_route=\/wp\/v2\/users\/1"}],"replies":[{"embeddable":true,"href":"https:\/\/sprzataniewroclaw.pl\/index.php?rest_route=%2Fwp%2Fv2%2Fcomments&post=22"}],"version-history":[{"count":40,"href":"https:\/\/sprzataniewroclaw.pl\/index.php?rest_route=\/wp\/v2\/pages\/22\/revisions"}],"predecessor-version":[{"id":343,"href":"https:\/\/sprzataniewroclaw.pl\/index.php?rest_route=\/wp\/v2\/pages\/22\/revisions\/343"}],"wp:attachment":[{"href":"https:\/\/sprzataniewroclaw.pl\/index.php?rest_route=%2Fwp%2Fv2%2Fmedia&parent=22"}],"curies":[{"name":"wp","href":"https:\/\/api.w.org\/{rel}","templated":true}]}}